{"id":164,"date":"2021-10-20T08:19:50","date_gmt":"2021-10-20T08:19:50","guid":{"rendered":"http:\/\/sitzmodule.de\/?page_id=164"},"modified":"2021-11-11T16:25:43","modified_gmt":"2021-11-11T16:25:44","slug":"https-sitzmodule-de-page_id172","status":"publish","type":"page","link":"https:\/\/sitzmodule.de\/?page_id=164","title":{"rendered":"Dresden 1"},"content":{"rendered":"\t\t<div data-elementor-type=\"wp-page\" data-elementor-id=\"164\" class=\"elementor elementor-164\">\n\t\t\t\t\t\t<section class=\"elementor-section elementor-top-section elementor-element elementor-element-4fb6a13 elementor-section-boxed elementor-section-height-default elementor-section-height-default\" data-id=\"4fb6a13\" data-element_type=\"section\" data-e-type=\"section\">\n\t\t\t\t\t\t<div class=\"elementor-container elementor-column-gap-default\">\n\t\t\t\t\t<div class=\"elementor-column elementor-col-100 elementor-top-column elementor-element elementor-element-5eceef2\" data-id=\"5eceef2\" data-element_type=\"column\" data-e-type=\"column\">\n\t\t\t<div class=\"elementor-widget-wrap elementor-element-populated\">\n\t\t\t\t\t\t<div class=\"elementor-element elementor-element-84021a0 elementor-widget elementor-widget-image\" data-id=\"84021a0\" data-element_type=\"widget\" data-e-type=\"widget\" data-widget_type=\"image.default\">\n\t\t\t\t<div class=\"elementor-widget-container\">\n\t\t\t\t\t\t\t\t\t\t\t\t\t\t\t<img fetchpriority=\"high\" decoding=\"async\" width=\"756\" height=\"728\" src=\"https:\/\/sitzmodule.de\/wp-content\/uploads\/2021\/10\/Sitzmodule1-1024x986.jpg\" class=\"attachment-large size-large wp-image-489\" alt=\"sitzen, stehen, liegen\" srcset=\"https:\/\/sitzmodule.de\/wp-content\/uploads\/2021\/10\/Sitzmodule1-1024x986.jpg 1024w, https:\/\/sitzmodule.de\/wp-content\/uploads\/2021\/10\/Sitzmodule1-768x740.jpg 768w, https:\/\/sitzmodule.de\/wp-content\/uploads\/2021\/10\/Sitzmodule1-1536x1479.jpg 1536w\" sizes=\"(max-width: 756px) 100vw, 756px\" \/>\t\t\t\t\t\t\t\t\t\t\t\t\t\t\t<\/div>\n\t\t\t\t<\/div>\n\t\t\t\t\t<\/div>\n\t\t<\/div>\n\t\t\t\t\t<\/div>\n\t\t<\/section>\n\t\t\t\t<section class=\"elementor-section elementor-top-section elementor-element elementor-element-a28a440 elementor-section-boxed elementor-section-height-default elementor-section-height-default\" data-id=\"a28a440\" data-element_type=\"section\" data-e-type=\"section\">\n\t\t\t\t\t\t<div class=\"elementor-container elementor-column-gap-default\">\n\t\t\t\t\t<div class=\"elementor-column elementor-col-100 elementor-top-column elementor-element elementor-element-a25adda\" data-id=\"a25adda\" data-element_type=\"column\" data-e-type=\"column\">\n\t\t\t<div class=\"elementor-widget-wrap elementor-element-populated\">\n\t\t\t\t\t\t<div class=\"elementor-element elementor-element-01fae62 elementor-widget elementor-widget-text-editor\" data-id=\"01fae62\" data-element_type=\"widget\" data-e-type=\"widget\" data-widget_type=\"text-editor.default\">\n\t\t\t\t<div class=\"elementor-widget-container\">\n\t\t\t\t\t\t\t\t\t<p><span style=\"font-family: helvetica, arial, sans-serif;\">Die Farbigkeit der Sitzmodule besteht aus zwei unterschiedlichen Gr\u00fcnt\u00f6nen. Dadurch wird die Staffelung der Ebenen besonders hervorgehoben. Das Fu\u00dfbodenlinoleum ist strapazierf\u00e4hig und abwaschbar.<br \/><\/span><\/p>\t\t\t\t\t\t\t\t<\/div>\n\t\t\t\t<\/div>\n\t\t\t\t\t<\/div>\n\t\t<\/div>\n\t\t\t\t\t<\/div>\n\t\t<\/section>\n\t\t\t\t<section class=\"elementor-section elementor-top-section elementor-element elementor-element-4e78b9f elementor-section-boxed elementor-section-height-default elementor-section-height-default\" data-id=\"4e78b9f\" data-element_type=\"section\" data-e-type=\"section\">\n\t\t\t\t\t\t<div class=\"elementor-container elementor-column-gap-default\">\n\t\t\t\t\t<div class=\"elementor-column elementor-col-50 elementor-top-column elementor-element elementor-element-cdfab92\" data-id=\"cdfab92\" data-element_type=\"column\" data-e-type=\"column\">\n\t\t\t<div class=\"elementor-widget-wrap elementor-element-populated\">\n\t\t\t\t\t\t<div class=\"elementor-element elementor-element-5172271 elementor-widget elementor-widget-image\" data-id=\"5172271\" data-element_type=\"widget\" data-e-type=\"widget\" data-widget_type=\"image.default\">\n\t\t\t\t<div class=\"elementor-widget-container\">\n\t\t\t\t\t\t\t\t\t\t\t\t\t\t\t<img decoding=\"async\" width=\"756\" height=\"1003\" src=\"https:\/\/sitzmodule.de\/wp-content\/uploads\/2021\/10\/2017-Aug.-04_21-39-19-772x1024.jpg\" class=\"attachment-large size-large wp-image-239\" alt=\"\" srcset=\"https:\/\/sitzmodule.de\/wp-content\/uploads\/2021\/10\/2017-Aug.-04_21-39-19-772x1024.jpg 772w, https:\/\/sitzmodule.de\/wp-content\/uploads\/2021\/10\/2017-Aug.-04_21-39-19-226x300.jpg 226w, https:\/\/sitzmodule.de\/wp-content\/uploads\/2021\/10\/2017-Aug.-04_21-39-19-768x1019.jpg 768w, https:\/\/sitzmodule.de\/wp-content\/uploads\/2021\/10\/2017-Aug.-04_21-39-19-1158x1536.jpg 1158w, https:\/\/sitzmodule.de\/wp-content\/uploads\/2021\/10\/2017-Aug.-04_21-39-19.jpg 1544w\" sizes=\"(max-width: 756px) 100vw, 756px\" \/>\t\t\t\t\t\t\t\t\t\t\t\t\t\t\t<\/div>\n\t\t\t\t<\/div>\n\t\t\t\t\t<\/div>\n\t\t<\/div>\n\t\t\t\t<div class=\"elementor-column elementor-col-50 elementor-top-column elementor-element elementor-element-7ff9505\" data-id=\"7ff9505\" data-element_type=\"column\" data-e-type=\"column\">\n\t\t\t<div class=\"elementor-widget-wrap elementor-element-populated\">\n\t\t\t\t\t\t<div class=\"elementor-element elementor-element-228e5c6 elementor-widget elementor-widget-image\" data-id=\"228e5c6\" data-element_type=\"widget\" data-e-type=\"widget\" data-widget_type=\"image.default\">\n\t\t\t\t<div class=\"elementor-widget-container\">\n\t\t\t\t\t\t\t\t\t\t\t\t\t\t\t<img decoding=\"async\" width=\"756\" height=\"504\" src=\"https:\/\/sitzmodule.de\/wp-content\/uploads\/2021\/10\/Projekt_Sitzmodule20170804_09-1024x683.jpg\" class=\"attachment-large size-large wp-image-216\" alt=\"\" srcset=\"https:\/\/sitzmodule.de\/wp-content\/uploads\/2021\/10\/Projekt_Sitzmodule20170804_09-1024x683.jpg 1024w, https:\/\/sitzmodule.de\/wp-content\/uploads\/2021\/10\/Projekt_Sitzmodule20170804_09-300x200.jpg 300w, https:\/\/sitzmodule.de\/wp-content\/uploads\/2021\/10\/Projekt_Sitzmodule20170804_09-768x512.jpg 768w, https:\/\/sitzmodule.de\/wp-content\/uploads\/2021\/10\/Projekt_Sitzmodule20170804_09-1536x1024.jpg 1536w, https:\/\/sitzmodule.de\/wp-content\/uploads\/2021\/10\/Projekt_Sitzmodule20170804_09.jpg 2048w\" sizes=\"(max-width: 756px) 100vw, 756px\" \/>\t\t\t\t\t\t\t\t\t\t\t\t\t\t\t<\/div>\n\t\t\t\t<\/div>\n\t\t\t\t<div class=\"elementor-element elementor-element-1c57a98 elementor-widget elementor-widget-image\" data-id=\"1c57a98\" data-element_type=\"widget\" data-e-type=\"widget\" data-widget_type=\"image.default\">\n\t\t\t\t<div class=\"elementor-widget-container\">\n\t\t\t\t\t\t\t\t\t\t\t\t\t\t\t<img loading=\"lazy\" decoding=\"async\" width=\"756\" height=\"425\" src=\"https:\/\/sitzmodule.de\/wp-content\/uploads\/2021\/10\/Sitzmodule14-1024x576.jpg\" class=\"attachment-large size-large wp-image-512\" alt=\"\" srcset=\"https:\/\/sitzmodule.de\/wp-content\/uploads\/2021\/10\/Sitzmodule14-1024x576.jpg 1024w, https:\/\/sitzmodule.de\/wp-content\/uploads\/2021\/10\/Sitzmodule14-300x169.jpg 300w, https:\/\/sitzmodule.de\/wp-content\/uploads\/2021\/10\/Sitzmodule14-768x432.jpg 768w, https:\/\/sitzmodule.de\/wp-content\/uploads\/2021\/10\/Sitzmodule14-1536x864.jpg 1536w, https:\/\/sitzmodule.de\/wp-content\/uploads\/2021\/10\/Sitzmodule14.jpg 1920w\" sizes=\"(max-width: 756px) 100vw, 756px\" \/>\t\t\t\t\t\t\t\t\t\t\t\t\t\t\t<\/div>\n\t\t\t\t<\/div>\n\t\t\t\t\t<\/div>\n\t\t<\/div>\n\t\t\t\t\t<\/div>\n\t\t<\/section>\n\t\t\t\t<section class=\"elementor-section elementor-top-section elementor-element elementor-element-ef40341 elementor-section-boxed elementor-section-height-default elementor-section-height-default\" data-id=\"ef40341\" data-element_type=\"section\" data-e-type=\"section\">\n\t\t\t\t\t\t<div class=\"elementor-container elementor-column-gap-default\">\n\t\t\t\t\t<div class=\"elementor-column elementor-col-100 elementor-top-column elementor-element elementor-element-da3487e\" data-id=\"da3487e\" data-element_type=\"column\" data-e-type=\"column\">\n\t\t\t<div class=\"elementor-widget-wrap elementor-element-populated\">\n\t\t\t\t\t\t<div class=\"elementor-element elementor-element-a19bb5b elementor-widget elementor-widget-text-editor\" data-id=\"a19bb5b\" data-element_type=\"widget\" data-e-type=\"widget\" data-widget_type=\"text-editor.default\">\n\t\t\t\t<div class=\"elementor-widget-container\">\n\t\t\t\t\t\t\t\t\t<p><span style=\"font-family: helvetica, arial, sans-serif;\">Die Sitzobjekte wurden nach Fertigstellung des Neubaus zur Aufwertung und Nutzungsverbesserung des gro\u00dfen Foyers entworfen. In der Weitl\u00e4ufigkeit des Raumes entstehen so konzentrierte Aufenthalts-und Ruhezonen. <\/span><\/p>\t\t\t\t\t\t\t\t<\/div>\n\t\t\t\t<\/div>\n\t\t\t\t\t<\/div>\n\t\t<\/div>\n\t\t\t\t\t<\/div>\n\t\t<\/section>\n\t\t\t\t<section class=\"elementor-section elementor-top-section elementor-element elementor-element-c857b68 elementor-section-boxed elementor-section-height-default elementor-section-height-default\" data-id=\"c857b68\" data-element_type=\"section\" data-e-type=\"section\">\n\t\t\t\t\t\t<div class=\"elementor-container elementor-column-gap-default\">\n\t\t\t\t\t<div class=\"elementor-column elementor-col-50 elementor-top-column elementor-element elementor-element-0d05b99\" data-id=\"0d05b99\" data-element_type=\"column\" data-e-type=\"column\">\n\t\t\t<div class=\"elementor-widget-wrap elementor-element-populated\">\n\t\t\t\t\t\t<div class=\"elementor-element elementor-element-4633beb elementor-hidden-mobile elementor-widget elementor-widget-image\" data-id=\"4633beb\" data-element_type=\"widget\" data-e-type=\"widget\" data-widget_type=\"image.default\">\n\t\t\t\t<div class=\"elementor-widget-container\">\n\t\t\t\t\t\t\t\t\t\t\t\t\t\t\t<img loading=\"lazy\" decoding=\"async\" width=\"576\" height=\"1024\" src=\"https:\/\/sitzmodule.de\/wp-content\/uploads\/2021\/10\/DSC_1905-576x1024.jpg\" class=\"attachment-large size-large wp-image-281\" alt=\"\" srcset=\"https:\/\/sitzmodule.de\/wp-content\/uploads\/2021\/10\/DSC_1905-576x1024.jpg 576w, https:\/\/sitzmodule.de\/wp-content\/uploads\/2021\/10\/DSC_1905-169x300.jpg 169w, https:\/\/sitzmodule.de\/wp-content\/uploads\/2021\/10\/DSC_1905-768x1365.jpg 768w, https:\/\/sitzmodule.de\/wp-content\/uploads\/2021\/10\/DSC_1905-864x1536.jpg 864w, https:\/\/sitzmodule.de\/wp-content\/uploads\/2021\/10\/DSC_1905.jpg 1152w\" sizes=\"(max-width: 576px) 100vw, 576px\" \/>\t\t\t\t\t\t\t\t\t\t\t\t\t\t\t<\/div>\n\t\t\t\t<\/div>\n\t\t\t\t\t<\/div>\n\t\t<\/div>\n\t\t\t\t<div class=\"elementor-column elementor-col-50 elementor-top-column elementor-element elementor-element-89954c7\" data-id=\"89954c7\" data-element_type=\"column\" data-e-type=\"column\">\n\t\t\t<div class=\"elementor-widget-wrap elementor-element-populated\">\n\t\t\t\t\t\t<div class=\"elementor-element elementor-element-3bd5188 elementor-widget elementor-widget-image\" data-id=\"3bd5188\" data-element_type=\"widget\" data-e-type=\"widget\" data-widget_type=\"image.default\">\n\t\t\t\t<div class=\"elementor-widget-container\">\n\t\t\t\t\t\t\t\t\t\t\t\t\t\t\t<img loading=\"lazy\" decoding=\"async\" width=\"756\" height=\"425\" src=\"https:\/\/sitzmodule.de\/wp-content\/uploads\/2021\/10\/DSC_1936-1024x576.jpg\" class=\"attachment-large size-large wp-image-282\" alt=\"\" srcset=\"https:\/\/sitzmodule.de\/wp-content\/uploads\/2021\/10\/DSC_1936-1024x576.jpg 1024w, https:\/\/sitzmodule.de\/wp-content\/uploads\/2021\/10\/DSC_1936-300x169.jpg 300w, https:\/\/sitzmodule.de\/wp-content\/uploads\/2021\/10\/DSC_1936-768x432.jpg 768w, https:\/\/sitzmodule.de\/wp-content\/uploads\/2021\/10\/DSC_1936-1536x864.jpg 1536w, https:\/\/sitzmodule.de\/wp-content\/uploads\/2021\/10\/DSC_1936-1920x1080.jpg 1920w, https:\/\/sitzmodule.de\/wp-content\/uploads\/2021\/10\/DSC_1936.jpg 2048w\" sizes=\"(max-width: 756px) 100vw, 756px\" \/>\t\t\t\t\t\t\t\t\t\t\t\t\t\t\t<\/div>\n\t\t\t\t<\/div>\n\t\t\t\t<div class=\"elementor-element elementor-element-720e065 elementor-widget elementor-widget-image\" data-id=\"720e065\" data-element_type=\"widget\" data-e-type=\"widget\" data-widget_type=\"image.default\">\n\t\t\t\t<div class=\"elementor-widget-container\">\n\t\t\t\t\t\t\t\t\t\t\t\t\t\t\t<img loading=\"lazy\" decoding=\"async\" width=\"756\" height=\"567\" src=\"https:\/\/sitzmodule.de\/wp-content\/uploads\/2021\/10\/DSC_0934-1024x768.jpg\" class=\"attachment-large size-large wp-image-275\" alt=\"\" srcset=\"https:\/\/sitzmodule.de\/wp-content\/uploads\/2021\/10\/DSC_0934-1024x768.jpg 1024w, https:\/\/sitzmodule.de\/wp-content\/uploads\/2021\/10\/DSC_0934-300x225.jpg 300w, https:\/\/sitzmodule.de\/wp-content\/uploads\/2021\/10\/DSC_0934-768x576.jpg 768w, https:\/\/sitzmodule.de\/wp-content\/uploads\/2021\/10\/DSC_0934-1536x1152.jpg 1536w, https:\/\/sitzmodule.de\/wp-content\/uploads\/2021\/10\/DSC_0934-2048x1536.jpg 2048w\" sizes=\"(max-width: 756px) 100vw, 756px\" \/>\t\t\t\t\t\t\t\t\t\t\t\t\t\t\t<\/div>\n\t\t\t\t<\/div>\n\t\t\t\t\t<\/div>\n\t\t<\/div>\n\t\t\t\t\t<\/div>\n\t\t<\/section>\n\t\t\t\t<section class=\"elementor-section elementor-top-section elementor-element elementor-element-6edfed8 elementor-section-boxed elementor-section-height-default elementor-section-height-default\" data-id=\"6edfed8\" data-element_type=\"section\" data-e-type=\"section\">\n\t\t\t\t\t\t<div class=\"elementor-container elementor-column-gap-default\">\n\t\t\t\t\t<div class=\"elementor-column elementor-col-100 elementor-top-column elementor-element elementor-element-a8c8874\" data-id=\"a8c8874\" data-element_type=\"column\" data-e-type=\"column\">\n\t\t\t<div class=\"elementor-widget-wrap elementor-element-populated\">\n\t\t\t\t\t\t<div class=\"elementor-element elementor-element-7a0c1ac elementor-widget elementor-widget-text-editor\" data-id=\"7a0c1ac\" data-element_type=\"widget\" data-e-type=\"widget\" data-widget_type=\"text-editor.default\">\n\t\t\t\t<div class=\"elementor-widget-container\">\n\t\t\t\t\t\t\t\t\t<p><span style=\"font-family: helvetica, arial, sans-serif;\">Vom Modell zur Fertigung<\/span><\/p>\t\t\t\t\t\t\t\t<\/div>\n\t\t\t\t<\/div>\n\t\t\t\t\t<\/div>\n\t\t<\/div>\n\t\t\t\t\t<\/div>\n\t\t<\/section>\n\t\t\t\t<\/div>\n\t\t","protected":false},"excerpt":{"rendered":"<p>Die Farbigkeit der Sitzmodule besteht aus zwei unterschiedlichen Gr\u00fcnt\u00f6nen. Dadurch wird die Staffelung der Ebenen besonders hervorgehoben. Das Fu\u00dfbodenlinoleum ist strapazierf\u00e4hig und abwaschbar. Die Sitzobjekte wurden nach Fertigstellung des Neubaus zur Aufwertung und Nutzungsverbesserung des gro\u00dfen Foyers entworfen. In der Weitl\u00e4ufigkeit des Raumes entstehen so konzentrierte Aufenthalts-und Ruhezonen. Vom Modell zur Fertigung<\/p>\n","protected":false},"author":1,"featured_media":0,"parent":0,"menu_order":0,"comment_status":"closed","ping_status":"closed","template":"","meta":{"footnotes":""},"class_list":["post-164","page","type-page","status-publish","hentry"],"_links":{"self":[{"href":"https:\/\/sitzmodule.de\/index.php?rest_route=\/wp\/v2\/pages\/164","targetHints":{"allow":["GET"]}}],"collection":[{"href":"https:\/\/sitzmodule.de\/index.php?rest_route=\/wp\/v2\/pages"}],"about":[{"href":"https:\/\/sitzmodule.de\/index.php?rest_route=\/wp\/v2\/types\/page"}],"author":[{"embeddable":true,"href":"https:\/\/sitzmodule.de\/index.php?rest_route=\/wp\/v2\/users\/1"}],"replies":[{"embeddable":true,"href":"https:\/\/sitzmodule.de\/index.php?rest_route=%2Fwp%2Fv2%2Fcomments&post=164"}],"version-history":[{"count":50,"href":"https:\/\/sitzmodule.de\/index.php?rest_route=\/wp\/v2\/pages\/164\/revisions"}],"predecessor-version":[{"id":1207,"href":"https:\/\/sitzmodule.de\/index.php?rest_route=\/wp\/v2\/pages\/164\/revisions\/1207"}],"wp:attachment":[{"href":"https:\/\/sitzmodule.de\/index.php?rest_route=%2Fwp%2Fv2%2Fmedia&parent=164"}],"curies":[{"name":"wp","href":"https:\/\/api.w.org\/{rel}","templated":true}]}}