{"id":172,"date":"2021-10-20T08:24:03","date_gmt":"2021-10-20T08:24:03","guid":{"rendered":"http:\/\/sitzmodule.de\/?page_id=172"},"modified":"2021-11-11T16:28:52","modified_gmt":"2021-11-11T16:28:52","slug":"werthaltige-sitzelemente-fuer-foyers-und-oeffentliche-einrichtungen","status":"publish","type":"page","link":"https:\/\/sitzmodule.de\/?page_id=172","title":{"rendered":"Dresden 2"},"content":{"rendered":"\t\t<div data-elementor-type=\"wp-page\" data-elementor-id=\"172\" class=\"elementor elementor-172\">\n\t\t\t\t\t\t<section class=\"elementor-section elementor-top-section elementor-element elementor-element-e788a59 elementor-section-boxed elementor-section-height-default elementor-section-height-default\" data-id=\"e788a59\" data-element_type=\"section\" data-e-type=\"section\">\n\t\t\t\t\t\t<div class=\"elementor-container elementor-column-gap-default\">\n\t\t\t\t\t<div class=\"elementor-column elementor-col-100 elementor-top-column elementor-element elementor-element-596a967\" data-id=\"596a967\" data-element_type=\"column\" data-e-type=\"column\">\n\t\t\t<div class=\"elementor-widget-wrap elementor-element-populated\">\n\t\t\t\t\t\t<div class=\"elementor-element elementor-element-c57dabb elementor-widget elementor-widget-image\" data-id=\"c57dabb\" data-element_type=\"widget\" data-e-type=\"widget\" data-widget_type=\"image.default\">\n\t\t\t\t<div class=\"elementor-widget-container\">\n\t\t\t\t\t\t\t\t\t\t\t\t\t\t\t<img fetchpriority=\"high\" decoding=\"async\" width=\"756\" height=\"504\" src=\"https:\/\/sitzmodule.de\/wp-content\/uploads\/2021\/10\/Sitzmodule24b-1024x683.jpg\" class=\"attachment-large size-large wp-image-524\" alt=\"Kinder auf rotem Sitzmodul\" srcset=\"https:\/\/sitzmodule.de\/wp-content\/uploads\/2021\/10\/Sitzmodule24b-1024x683.jpg 1024w, https:\/\/sitzmodule.de\/wp-content\/uploads\/2021\/10\/Sitzmodule24b-300x200.jpg 300w, https:\/\/sitzmodule.de\/wp-content\/uploads\/2021\/10\/Sitzmodule24b-768x512.jpg 768w, https:\/\/sitzmodule.de\/wp-content\/uploads\/2021\/10\/Sitzmodule24b-1536x1024.jpg 1536w, https:\/\/sitzmodule.de\/wp-content\/uploads\/2021\/10\/Sitzmodule24b.jpg 1920w\" sizes=\"(max-width: 756px) 100vw, 756px\" \/>\t\t\t\t\t\t\t\t\t\t\t\t\t\t\t<\/div>\n\t\t\t\t<\/div>\n\t\t\t\t\t<\/div>\n\t\t<\/div>\n\t\t\t\t\t<\/div>\n\t\t<\/section>\n\t\t\t\t<section class=\"elementor-section elementor-top-section elementor-element elementor-element-0f46a26 elementor-section-boxed elementor-section-height-default elementor-section-height-default\" data-id=\"0f46a26\" data-element_type=\"section\" data-e-type=\"section\">\n\t\t\t\t\t\t<div class=\"elementor-container elementor-column-gap-default\">\n\t\t\t\t\t<div class=\"elementor-column elementor-col-100 elementor-top-column elementor-element elementor-element-1d5f354\" data-id=\"1d5f354\" data-element_type=\"column\" data-e-type=\"column\">\n\t\t\t<div class=\"elementor-widget-wrap elementor-element-populated\">\n\t\t\t\t\t\t<div class=\"elementor-element elementor-element-d62ae27 elementor-widget elementor-widget-text-editor\" data-id=\"d62ae27\" data-element_type=\"widget\" data-e-type=\"widget\" data-widget_type=\"text-editor.default\">\n\t\t\t\t<div class=\"elementor-widget-container\">\n\t\t\t\t\t\t\t\t\t<p><span style=\"font-family: helvetica, arial, sans-serif;\">Die Farbigkeit der Sitzmodule ist bewusst auf die gegebene Farbgestaltung des Schulgeb\u00e4udes abgestimmt. Die Zeichenhafte Gesamtformation der Sitzmodule schafft Zonierungen im Raum.<br \/><\/span><\/p>\t\t\t\t\t\t\t\t<\/div>\n\t\t\t\t<\/div>\n\t\t\t\t\t<\/div>\n\t\t<\/div>\n\t\t\t\t\t<\/div>\n\t\t<\/section>\n\t\t\t\t<section class=\"elementor-section elementor-top-section elementor-element elementor-element-632f7b8 elementor-section-boxed elementor-section-height-default elementor-section-height-default\" data-id=\"632f7b8\" data-element_type=\"section\" data-e-type=\"section\">\n\t\t\t\t\t\t<div class=\"elementor-container elementor-column-gap-default\">\n\t\t\t\t\t<div class=\"elementor-column elementor-col-50 elementor-top-column elementor-element elementor-element-d56279e\" data-id=\"d56279e\" data-element_type=\"column\" data-e-type=\"column\">\n\t\t\t<div class=\"elementor-widget-wrap elementor-element-populated\">\n\t\t\t\t\t\t<div class=\"elementor-element elementor-element-3bb5d49 elementor-hidden-mobile elementor-widget elementor-widget-image\" data-id=\"3bb5d49\" data-element_type=\"widget\" data-e-type=\"widget\" data-widget_type=\"image.default\">\n\t\t\t\t<div class=\"elementor-widget-container\">\n\t\t\t\t\t\t\t\t\t\t\t\t\t\t\t<img decoding=\"async\" width=\"756\" height=\"1008\" src=\"https:\/\/sitzmodule.de\/wp-content\/uploads\/2021\/10\/DSC_0078_8-768x1024.jpg\" class=\"attachment-large size-large wp-image-264\" alt=\"\" srcset=\"https:\/\/sitzmodule.de\/wp-content\/uploads\/2021\/10\/DSC_0078_8-768x1024.jpg 768w, https:\/\/sitzmodule.de\/wp-content\/uploads\/2021\/10\/DSC_0078_8-225x300.jpg 225w, https:\/\/sitzmodule.de\/wp-content\/uploads\/2021\/10\/DSC_0078_8-1152x1536.jpg 1152w, https:\/\/sitzmodule.de\/wp-content\/uploads\/2021\/10\/DSC_0078_8.jpg 1536w\" sizes=\"(max-width: 756px) 100vw, 756px\" \/>\t\t\t\t\t\t\t\t\t\t\t\t\t\t\t<\/div>\n\t\t\t\t<\/div>\n\t\t\t\t\t<\/div>\n\t\t<\/div>\n\t\t\t\t<div class=\"elementor-column elementor-col-50 elementor-top-column elementor-element elementor-element-30d0fa9\" data-id=\"30d0fa9\" data-element_type=\"column\" data-e-type=\"column\">\n\t\t\t<div class=\"elementor-widget-wrap elementor-element-populated\">\n\t\t\t\t\t\t<div class=\"elementor-element elementor-element-af683e9 elementor-widget elementor-widget-image\" data-id=\"af683e9\" data-element_type=\"widget\" data-e-type=\"widget\" data-widget_type=\"image.default\">\n\t\t\t\t<div class=\"elementor-widget-container\">\n\t\t\t\t\t\t\t\t\t\t\t\t\t\t\t<img decoding=\"async\" width=\"756\" height=\"567\" src=\"https:\/\/sitzmodule.de\/wp-content\/uploads\/2021\/10\/2019-Feb.-15_12-20-25-1024x768.jpg\" class=\"attachment-large size-large wp-image-252\" alt=\"\" srcset=\"https:\/\/sitzmodule.de\/wp-content\/uploads\/2021\/10\/2019-Feb.-15_12-20-25-1024x768.jpg 1024w, https:\/\/sitzmodule.de\/wp-content\/uploads\/2021\/10\/2019-Feb.-15_12-20-25-300x225.jpg 300w, https:\/\/sitzmodule.de\/wp-content\/uploads\/2021\/10\/2019-Feb.-15_12-20-25-768x576.jpg 768w, https:\/\/sitzmodule.de\/wp-content\/uploads\/2021\/10\/2019-Feb.-15_12-20-25-1536x1152.jpg 1536w, https:\/\/sitzmodule.de\/wp-content\/uploads\/2021\/10\/2019-Feb.-15_12-20-25.jpg 2048w\" sizes=\"(max-width: 756px) 100vw, 756px\" \/>\t\t\t\t\t\t\t\t\t\t\t\t\t\t\t<\/div>\n\t\t\t\t<\/div>\n\t\t\t\t<div class=\"elementor-element elementor-element-01d1549 elementor-widget elementor-widget-image\" data-id=\"01d1549\" data-element_type=\"widget\" data-e-type=\"widget\" data-widget_type=\"image.default\">\n\t\t\t\t<div class=\"elementor-widget-container\">\n\t\t\t\t\t\t\t\t\t\t\t\t\t\t\t<img loading=\"lazy\" decoding=\"async\" width=\"756\" height=\"504\" src=\"https:\/\/sitzmodule.de\/wp-content\/uploads\/2021\/10\/Sitzmodule10b-1024x683.jpg\" class=\"attachment-large size-large wp-image-504\" alt=\"\" srcset=\"https:\/\/sitzmodule.de\/wp-content\/uploads\/2021\/10\/Sitzmodule10b-1024x683.jpg 1024w, https:\/\/sitzmodule.de\/wp-content\/uploads\/2021\/10\/Sitzmodule10b-300x200.jpg 300w, https:\/\/sitzmodule.de\/wp-content\/uploads\/2021\/10\/Sitzmodule10b-768x512.jpg 768w, https:\/\/sitzmodule.de\/wp-content\/uploads\/2021\/10\/Sitzmodule10b-1536x1024.jpg 1536w, https:\/\/sitzmodule.de\/wp-content\/uploads\/2021\/10\/Sitzmodule10b.jpg 1920w\" sizes=\"(max-width: 756px) 100vw, 756px\" \/>\t\t\t\t\t\t\t\t\t\t\t\t\t\t\t<\/div>\n\t\t\t\t<\/div>\n\t\t\t\t\t<\/div>\n\t\t<\/div>\n\t\t\t\t\t<\/div>\n\t\t<\/section>\n\t\t\t\t<section class=\"elementor-section elementor-top-section elementor-element elementor-element-61a637d elementor-section-boxed elementor-section-height-default elementor-section-height-default\" data-id=\"61a637d\" data-element_type=\"section\" data-e-type=\"section\">\n\t\t\t\t\t\t<div class=\"elementor-container elementor-column-gap-default\">\n\t\t\t\t\t<div class=\"elementor-column elementor-col-100 elementor-top-column elementor-element elementor-element-3427e03\" data-id=\"3427e03\" data-element_type=\"column\" data-e-type=\"column\">\n\t\t\t<div class=\"elementor-widget-wrap elementor-element-populated\">\n\t\t\t\t\t\t<div class=\"elementor-element elementor-element-af49f9b elementor-widget elementor-widget-text-editor\" data-id=\"af49f9b\" data-element_type=\"widget\" data-e-type=\"widget\" data-widget_type=\"text-editor.default\">\n\t\t\t\t<div class=\"elementor-widget-container\">\n\t\t\t\t\t\t\t\t\t<p><span style=\"font-family: helvetica, arial, sans-serif;\">Die Planung der Sitzmodule entstand nachtr\u00e4glich zur Nutzungsverbesserung des Foyers. Durch die Gr\u00f6\u00dfe des Raumes hat sich die Aufenthaltsqualit\u00e4t wesentlich gesteigert und es entstanden Zonen der N\u00e4he und Distanz.<br \/><\/span><\/p>\t\t\t\t\t\t\t\t<\/div>\n\t\t\t\t<\/div>\n\t\t\t\t\t<\/div>\n\t\t<\/div>\n\t\t\t\t\t<\/div>\n\t\t<\/section>\n\t\t\t\t<section class=\"elementor-section elementor-top-section elementor-element elementor-element-d3c0b92 elementor-section-boxed elementor-section-height-default elementor-section-height-default\" data-id=\"d3c0b92\" data-element_type=\"section\" data-e-type=\"section\">\n\t\t\t\t\t\t<div class=\"elementor-container elementor-column-gap-default\">\n\t\t\t\t\t<div class=\"elementor-column elementor-col-50 elementor-top-column elementor-element elementor-element-4407cc5\" data-id=\"4407cc5\" data-element_type=\"column\" data-e-type=\"column\">\n\t\t\t<div class=\"elementor-widget-wrap elementor-element-populated\">\n\t\t\t\t\t\t<div class=\"elementor-element elementor-element-3a24485 elementor-widget elementor-widget-image\" data-id=\"3a24485\" data-element_type=\"widget\" data-e-type=\"widget\" data-widget_type=\"image.default\">\n\t\t\t\t<div class=\"elementor-widget-container\">\n\t\t\t\t\t\t\t\t\t\t\t\t\t\t\t<img loading=\"lazy\" decoding=\"async\" width=\"756\" height=\"504\" src=\"https:\/\/sitzmodule.de\/wp-content\/uploads\/2021\/10\/Sitzmodule11b-1024x683.jpg\" class=\"attachment-large size-large wp-image-507\" alt=\"\" srcset=\"https:\/\/sitzmodule.de\/wp-content\/uploads\/2021\/10\/Sitzmodule11b-1024x683.jpg 1024w, https:\/\/sitzmodule.de\/wp-content\/uploads\/2021\/10\/Sitzmodule11b-300x200.jpg 300w, https:\/\/sitzmodule.de\/wp-content\/uploads\/2021\/10\/Sitzmodule11b-768x512.jpg 768w, https:\/\/sitzmodule.de\/wp-content\/uploads\/2021\/10\/Sitzmodule11b-1536x1024.jpg 1536w, https:\/\/sitzmodule.de\/wp-content\/uploads\/2021\/10\/Sitzmodule11b.jpg 1920w\" sizes=\"(max-width: 756px) 100vw, 756px\" \/>\t\t\t\t\t\t\t\t\t\t\t\t\t\t\t<\/div>\n\t\t\t\t<\/div>\n\t\t\t\t\t<\/div>\n\t\t<\/div>\n\t\t\t\t<div class=\"elementor-column elementor-col-50 elementor-top-column elementor-element elementor-element-5531913\" data-id=\"5531913\" data-element_type=\"column\" data-e-type=\"column\">\n\t\t\t<div class=\"elementor-widget-wrap elementor-element-populated\">\n\t\t\t\t\t\t<div class=\"elementor-element elementor-element-ff71fe6 elementor-widget elementor-widget-image\" data-id=\"ff71fe6\" data-element_type=\"widget\" data-e-type=\"widget\" data-widget_type=\"image.default\">\n\t\t\t\t<div class=\"elementor-widget-container\">\n\t\t\t\t\t\t\t\t\t\t\t\t\t\t\t<img loading=\"lazy\" decoding=\"async\" width=\"756\" height=\"504\" src=\"https:\/\/sitzmodule.de\/wp-content\/uploads\/2021\/10\/Sitzmodule26b-1024x683.jpg\" class=\"attachment-large size-large wp-image-528\" alt=\"\" srcset=\"https:\/\/sitzmodule.de\/wp-content\/uploads\/2021\/10\/Sitzmodule26b-1024x683.jpg 1024w, https:\/\/sitzmodule.de\/wp-content\/uploads\/2021\/10\/Sitzmodule26b-300x200.jpg 300w, https:\/\/sitzmodule.de\/wp-content\/uploads\/2021\/10\/Sitzmodule26b-768x512.jpg 768w, https:\/\/sitzmodule.de\/wp-content\/uploads\/2021\/10\/Sitzmodule26b-1536x1024.jpg 1536w, https:\/\/sitzmodule.de\/wp-content\/uploads\/2021\/10\/Sitzmodule26b.jpg 1920w\" sizes=\"(max-width: 756px) 100vw, 756px\" \/>\t\t\t\t\t\t\t\t\t\t\t\t\t\t\t<\/div>\n\t\t\t\t<\/div>\n\t\t\t\t\t<\/div>\n\t\t<\/div>\n\t\t\t\t\t<\/div>\n\t\t<\/section>\n\t\t\t\t<section class=\"elementor-section elementor-top-section elementor-element elementor-element-4260da5 elementor-section-boxed elementor-section-height-default elementor-section-height-default\" data-id=\"4260da5\" data-element_type=\"section\" data-e-type=\"section\">\n\t\t\t\t\t\t<div class=\"elementor-container elementor-column-gap-default\">\n\t\t\t\t\t<div class=\"elementor-column elementor-col-100 elementor-top-column elementor-element elementor-element-c805432\" data-id=\"c805432\" data-element_type=\"column\" data-e-type=\"column\">\n\t\t\t<div class=\"elementor-widget-wrap elementor-element-populated\">\n\t\t\t\t\t\t<div class=\"elementor-element elementor-element-2c08a30 elementor-widget elementor-widget-text-editor\" data-id=\"2c08a30\" data-element_type=\"widget\" data-e-type=\"widget\" data-widget_type=\"text-editor.default\">\n\t\t\t\t<div class=\"elementor-widget-container\">\n\t\t\t\t\t\t\t\t\t<p><span style=\"font-family: helvetica, arial, sans-serif;\">Der warme Holzton, sowie die Farbgestaltung der Sitzmodule, wirkt in den Raum hinein und schafft eine positive Grundstimmung.<\/span><\/p>\t\t\t\t\t\t\t\t<\/div>\n\t\t\t\t<\/div>\n\t\t\t\t\t<\/div>\n\t\t<\/div>\n\t\t\t\t\t<\/div>\n\t\t<\/section>\n\t\t\t\t<\/div>\n\t\t","protected":false},"excerpt":{"rendered":"<p>Die Farbigkeit der Sitzmodule ist bewusst auf die gegebene Farbgestaltung des Schulgeb\u00e4udes abgestimmt. Die Zeichenhafte Gesamtformation der Sitzmodule schafft Zonierungen im Raum. Die Planung der Sitzmodule entstand nachtr\u00e4glich zur Nutzungsverbesserung des Foyers. Durch die Gr\u00f6\u00dfe des Raumes hat sich die Aufenthaltsqualit\u00e4t wesentlich gesteigert und es entstanden Zonen der N\u00e4he und Distanz. Der warme Holzton, sowie die Farbgestaltung der Sitzmodule, wirkt in den Raum hinein und schafft eine positive Grundstimmung.<\/p>\n","protected":false},"author":1,"featured_media":0,"parent":0,"menu_order":0,"comment_status":"closed","ping_status":"closed","template":"","meta":{"footnotes":""},"class_list":["post-172","page","type-page","status-publish","hentry"],"_links":{"self":[{"href":"https:\/\/sitzmodule.de\/index.php?rest_route=\/wp\/v2\/pages\/172","targetHints":{"allow":["GET"]}}],"collection":[{"href":"https:\/\/sitzmodule.de\/index.php?rest_route=\/wp\/v2\/pages"}],"about":[{"href":"https:\/\/sitzmodule.de\/index.php?rest_route=\/wp\/v2\/types\/page"}],"author":[{"embeddable":true,"href":"https:\/\/sitzmodule.de\/index.php?rest_route=\/wp\/v2\/users\/1"}],"replies":[{"embeddable":true,"href":"https:\/\/sitzmodule.de\/index.php?rest_route=%2Fwp%2Fv2%2Fcomments&post=172"}],"version-history":[{"count":36,"href":"https:\/\/sitzmodule.de\/index.php?rest_route=\/wp\/v2\/pages\/172\/revisions"}],"predecessor-version":[{"id":1208,"href":"https:\/\/sitzmodule.de\/index.php?rest_route=\/wp\/v2\/pages\/172\/revisions\/1208"}],"wp:attachment":[{"href":"https:\/\/sitzmodule.de\/index.php?rest_route=%2Fwp%2Fv2%2Fmedia&parent=172"}],"curies":[{"name":"wp","href":"https:\/\/api.w.org\/{rel}","templated":true}]}}