{"id":321,"date":"2021-10-20T09:37:08","date_gmt":"2021-10-20T09:37:08","guid":{"rendered":"http:\/\/sitzmodule.de\/?page_id=321"},"modified":"2021-11-11T16:54:47","modified_gmt":"2021-11-11T16:54:47","slug":"sitzen-stehen-liegen","status":"publish","type":"page","link":"https:\/\/sitzmodule.de\/?page_id=321","title":{"rendered":"Modell Hamburg"},"content":{"rendered":"\t\t<div data-elementor-type=\"wp-page\" data-elementor-id=\"321\" class=\"elementor elementor-321\">\n\t\t\t\t\t\t<section class=\"elementor-section elementor-top-section elementor-element elementor-element-56c985c elementor-section-boxed elementor-section-height-default elementor-section-height-default\" data-id=\"56c985c\" data-element_type=\"section\" data-e-type=\"section\">\n\t\t\t\t\t\t<div class=\"elementor-container elementor-column-gap-default\">\n\t\t\t\t\t<div class=\"elementor-column elementor-col-100 elementor-top-column elementor-element elementor-element-cb40071\" data-id=\"cb40071\" data-element_type=\"column\" data-e-type=\"column\">\n\t\t\t<div class=\"elementor-widget-wrap elementor-element-populated\">\n\t\t\t\t\t\t<div class=\"elementor-element elementor-element-5f219ea elementor-widget elementor-widget-image\" data-id=\"5f219ea\" data-element_type=\"widget\" data-e-type=\"widget\" data-widget_type=\"image.default\">\n\t\t\t\t<div class=\"elementor-widget-container\">\n\t\t\t\t\t\t\t\t\t\t\t\t\t\t\t<img fetchpriority=\"high\" decoding=\"async\" width=\"756\" height=\"416\" src=\"https:\/\/sitzmodule.de\/wp-content\/uploads\/2021\/10\/2-Kopie-1024x564.jpg\" class=\"attachment-large size-large wp-image-231\" alt=\"\" srcset=\"https:\/\/sitzmodule.de\/wp-content\/uploads\/2021\/10\/2-Kopie-1024x564.jpg 1024w, https:\/\/sitzmodule.de\/wp-content\/uploads\/2021\/10\/2-Kopie-300x165.jpg 300w, https:\/\/sitzmodule.de\/wp-content\/uploads\/2021\/10\/2-Kopie-768x423.jpg 768w, https:\/\/sitzmodule.de\/wp-content\/uploads\/2021\/10\/2-Kopie-1536x845.jpg 1536w, https:\/\/sitzmodule.de\/wp-content\/uploads\/2021\/10\/2-Kopie-2048x1127.jpg 2048w\" sizes=\"(max-width: 756px) 100vw, 756px\" \/>\t\t\t\t\t\t\t\t\t\t\t\t\t\t\t<\/div>\n\t\t\t\t<\/div>\n\t\t\t\t\t<\/div>\n\t\t<\/div>\n\t\t\t\t\t<\/div>\n\t\t<\/section>\n\t\t\t\t<section class=\"elementor-section elementor-top-section elementor-element elementor-element-1392223 elementor-section-boxed elementor-section-height-default elementor-section-height-default\" data-id=\"1392223\" data-element_type=\"section\" data-e-type=\"section\">\n\t\t\t\t\t\t<div class=\"elementor-container elementor-column-gap-default\">\n\t\t\t\t\t<div class=\"elementor-column elementor-col-100 elementor-top-column elementor-element elementor-element-be0fe08\" data-id=\"be0fe08\" data-element_type=\"column\" data-e-type=\"column\">\n\t\t\t<div class=\"elementor-widget-wrap elementor-element-populated\">\n\t\t\t\t\t\t<div class=\"elementor-element elementor-element-1855fa4 elementor-widget elementor-widget-text-editor\" data-id=\"1855fa4\" data-element_type=\"widget\" data-e-type=\"widget\" data-widget_type=\"text-editor.default\">\n\t\t\t\t<div class=\"elementor-widget-container\">\n\t\t\t\t\t\t\t\t\t<p><span style=\"font-family: helvetica, arial, sans-serif;\">Diese Sitzformation schafft in konzentrierter Form einen Fixpunkt im Raum. Es ist ein Meeting Point, hier im historischen Kontext. Es entstand ein individueller Entwurf f\u00fcr einen Altbau mit einer kleinr\u00e4umlichen Situation. <\/span><span style=\"font-family: helvetica, arial, sans-serif;\">Die Sitzmodule wurden als punktuelle Erg\u00e4nzungen im Flurbereich geplant.<br \/><\/span><\/p>\t\t\t\t\t\t\t\t<\/div>\n\t\t\t\t<\/div>\n\t\t\t\t\t<\/div>\n\t\t<\/div>\n\t\t\t\t\t<\/div>\n\t\t<\/section>\n\t\t\t\t<section class=\"elementor-section elementor-top-section elementor-element elementor-element-3e56053 elementor-section-height-min-height elementor-section-boxed elementor-section-height-default elementor-section-items-middle\" data-id=\"3e56053\" data-element_type=\"section\" data-e-type=\"section\">\n\t\t\t\t\t\t<div class=\"elementor-container elementor-column-gap-custom\">\n\t\t\t\t\t<div class=\"elementor-column elementor-col-50 elementor-top-column elementor-element elementor-element-a46bc16\" data-id=\"a46bc16\" data-element_type=\"column\" data-e-type=\"column\">\n\t\t\t<div class=\"elementor-widget-wrap elementor-element-populated\">\n\t\t\t\t\t\t<div class=\"elementor-element elementor-element-cdb9d76 elementor-widget elementor-widget-image\" data-id=\"cdb9d76\" data-element_type=\"widget\" data-e-type=\"widget\" data-widget_type=\"image.default\">\n\t\t\t\t<div class=\"elementor-widget-container\">\n\t\t\t\t\t\t\t\t\t\t\t\t\t\t\t<img decoding=\"async\" width=\"657\" height=\"1000\" src=\"https:\/\/sitzmodule.de\/wp-content\/uploads\/2021\/10\/Sitzmodule.deSitzmoebel-9-von-19.jpg\" class=\"attachment-large size-large wp-image-792\" alt=\"\" srcset=\"https:\/\/sitzmodule.de\/wp-content\/uploads\/2021\/10\/Sitzmodule.deSitzmoebel-9-von-19.jpg 657w, https:\/\/sitzmodule.de\/wp-content\/uploads\/2021\/10\/Sitzmodule.deSitzmoebel-9-von-19-197x300.jpg 197w\" sizes=\"(max-width: 657px) 100vw, 657px\" \/>\t\t\t\t\t\t\t\t\t\t\t\t\t\t\t<\/div>\n\t\t\t\t<\/div>\n\t\t\t\t\t<\/div>\n\t\t<\/div>\n\t\t\t\t<div class=\"elementor-column elementor-col-50 elementor-top-column elementor-element elementor-element-022febf\" data-id=\"022febf\" data-element_type=\"column\" data-e-type=\"column\">\n\t\t\t<div class=\"elementor-widget-wrap elementor-element-populated\">\n\t\t\t\t\t\t<div class=\"elementor-element elementor-element-99b6b26 elementor-widget elementor-widget-image\" data-id=\"99b6b26\" data-element_type=\"widget\" data-e-type=\"widget\" data-widget_type=\"image.default\">\n\t\t\t\t<div class=\"elementor-widget-container\">\n\t\t\t\t\t\t\t\t\t\t\t\t\t\t\t<img decoding=\"async\" width=\"756\" height=\"501\" src=\"https:\/\/sitzmodule.de\/wp-content\/uploads\/2021\/10\/Sitzmodule.deSitzmoebel-17-von-19-1024x678.jpg\" class=\"attachment-large size-large wp-image-800\" alt=\"\" srcset=\"https:\/\/sitzmodule.de\/wp-content\/uploads\/2021\/10\/Sitzmodule.deSitzmoebel-17-von-19-1024x678.jpg 1024w, https:\/\/sitzmodule.de\/wp-content\/uploads\/2021\/10\/Sitzmodule.deSitzmoebel-17-von-19-300x199.jpg 300w, https:\/\/sitzmodule.de\/wp-content\/uploads\/2021\/10\/Sitzmodule.deSitzmoebel-17-von-19-768x508.jpg 768w, https:\/\/sitzmodule.de\/wp-content\/uploads\/2021\/10\/Sitzmodule.deSitzmoebel-17-von-19.jpg 1511w\" sizes=\"(max-width: 756px) 100vw, 756px\" \/>\t\t\t\t\t\t\t\t\t\t\t\t\t\t\t<\/div>\n\t\t\t\t<\/div>\n\t\t\t\t<div class=\"elementor-element elementor-element-796b975 elementor-widget elementor-widget-image\" data-id=\"796b975\" data-element_type=\"widget\" data-e-type=\"widget\" data-widget_type=\"image.default\">\n\t\t\t\t<div class=\"elementor-widget-container\">\n\t\t\t\t\t\t\t\t\t\t\t\t\t\t\t<img loading=\"lazy\" decoding=\"async\" width=\"756\" height=\"497\" src=\"https:\/\/sitzmodule.de\/wp-content\/uploads\/2021\/10\/Sitzmodule.deSitzmoebel-11-von-19-1024x673.jpg\" class=\"attachment-large size-large wp-image-794\" alt=\"\" srcset=\"https:\/\/sitzmodule.de\/wp-content\/uploads\/2021\/10\/Sitzmodule.deSitzmoebel-11-von-19-1024x673.jpg 1024w, https:\/\/sitzmodule.de\/wp-content\/uploads\/2021\/10\/Sitzmodule.deSitzmoebel-11-von-19-300x197.jpg 300w, https:\/\/sitzmodule.de\/wp-content\/uploads\/2021\/10\/Sitzmodule.deSitzmoebel-11-von-19-768x505.jpg 768w, https:\/\/sitzmodule.de\/wp-content\/uploads\/2021\/10\/Sitzmodule.deSitzmoebel-11-von-19.jpg 1522w\" sizes=\"(max-width: 756px) 100vw, 756px\" \/>\t\t\t\t\t\t\t\t\t\t\t\t\t\t\t<\/div>\n\t\t\t\t<\/div>\n\t\t\t\t\t<\/div>\n\t\t<\/div>\n\t\t\t\t\t<\/div>\n\t\t<\/section>\n\t\t\t\t<section class=\"elementor-section elementor-top-section elementor-element elementor-element-8109ea0 elementor-section-boxed elementor-section-height-default elementor-section-height-default\" data-id=\"8109ea0\" data-element_type=\"section\" data-e-type=\"section\">\n\t\t\t\t\t\t<div class=\"elementor-container elementor-column-gap-default\">\n\t\t\t\t\t<div class=\"elementor-column elementor-col-100 elementor-top-column elementor-element elementor-element-6365848\" data-id=\"6365848\" data-element_type=\"column\" data-e-type=\"column\">\n\t\t\t<div class=\"elementor-widget-wrap elementor-element-populated\">\n\t\t\t\t\t\t<div class=\"elementor-element elementor-element-ebfb5d9 elementor-widget elementor-widget-text-editor\" data-id=\"ebfb5d9\" data-element_type=\"widget\" data-e-type=\"widget\" data-widget_type=\"text-editor.default\">\n\t\t\t\t<div class=\"elementor-widget-container\">\n\t\t\t\t\t\t\t\t\t<p><span style=\"font-family: helvetica, arial, sans-serif;\">Die Entw\u00fcrfe zeigen anhand von 3 unterschiedlichen Modellen die Variabilit\u00e4t der Formen.\u00a0 Verteilt auf 3 Etagen lassen sich die Sitzmodule auch thematisch zuordnen<br \/><\/span><\/p>\t\t\t\t\t\t\t\t<\/div>\n\t\t\t\t<\/div>\n\t\t\t\t\t<\/div>\n\t\t<\/div>\n\t\t\t\t\t<\/div>\n\t\t<\/section>\n\t\t\t\t<section class=\"elementor-section elementor-top-section elementor-element elementor-element-be53efa elementor-section-height-min-height elementor-section-boxed elementor-section-height-default elementor-section-items-middle\" data-id=\"be53efa\" data-element_type=\"section\" data-e-type=\"section\">\n\t\t\t\t\t\t<div class=\"elementor-container elementor-column-gap-custom\">\n\t\t\t\t\t<div class=\"elementor-column elementor-col-50 elementor-top-column elementor-element elementor-element-82c3e97\" data-id=\"82c3e97\" data-element_type=\"column\" data-e-type=\"column\">\n\t\t\t<div class=\"elementor-widget-wrap elementor-element-populated\">\n\t\t\t\t\t\t<div class=\"elementor-element elementor-element-fb89fe2 elementor-widget elementor-widget-image\" data-id=\"fb89fe2\" data-element_type=\"widget\" data-e-type=\"widget\" data-widget_type=\"image.default\">\n\t\t\t\t<div class=\"elementor-widget-container\">\n\t\t\t\t\t\t\t\t\t\t\t\t\t\t\t<img loading=\"lazy\" decoding=\"async\" width=\"756\" height=\"497\" src=\"https:\/\/sitzmodule.de\/wp-content\/uploads\/2021\/10\/Sitzmodule.deSitzmoebel-8-von-19-1024x673.jpg\" class=\"attachment-large size-large wp-image-791\" alt=\"\" srcset=\"https:\/\/sitzmodule.de\/wp-content\/uploads\/2021\/10\/Sitzmodule.deSitzmoebel-8-von-19-1024x673.jpg 1024w, https:\/\/sitzmodule.de\/wp-content\/uploads\/2021\/10\/Sitzmodule.deSitzmoebel-8-von-19-300x197.jpg 300w, https:\/\/sitzmodule.de\/wp-content\/uploads\/2021\/10\/Sitzmodule.deSitzmoebel-8-von-19-768x505.jpg 768w, https:\/\/sitzmodule.de\/wp-content\/uploads\/2021\/10\/Sitzmodule.deSitzmoebel-8-von-19.jpg 1522w\" sizes=\"(max-width: 756px) 100vw, 756px\" \/>\t\t\t\t\t\t\t\t\t\t\t\t\t\t\t<\/div>\n\t\t\t\t<\/div>\n\t\t\t\t<div class=\"elementor-element elementor-element-6b1c710 elementor-widget elementor-widget-image\" data-id=\"6b1c710\" data-element_type=\"widget\" data-e-type=\"widget\" data-widget_type=\"image.default\">\n\t\t\t\t<div class=\"elementor-widget-container\">\n\t\t\t\t\t\t\t\t\t\t\t\t\t\t\t<img loading=\"lazy\" decoding=\"async\" width=\"756\" height=\"497\" src=\"https:\/\/sitzmodule.de\/wp-content\/uploads\/2021\/10\/Sitzmodule.deSitzmoebel-15-von-19-1024x673.jpg\" class=\"attachment-large size-large wp-image-798\" alt=\"\" srcset=\"https:\/\/sitzmodule.de\/wp-content\/uploads\/2021\/10\/Sitzmodule.deSitzmoebel-15-von-19-1024x673.jpg 1024w, https:\/\/sitzmodule.de\/wp-content\/uploads\/2021\/10\/Sitzmodule.deSitzmoebel-15-von-19-300x197.jpg 300w, https:\/\/sitzmodule.de\/wp-content\/uploads\/2021\/10\/Sitzmodule.deSitzmoebel-15-von-19-768x505.jpg 768w, https:\/\/sitzmodule.de\/wp-content\/uploads\/2021\/10\/Sitzmodule.deSitzmoebel-15-von-19.jpg 1522w\" sizes=\"(max-width: 756px) 100vw, 756px\" \/>\t\t\t\t\t\t\t\t\t\t\t\t\t\t\t<\/div>\n\t\t\t\t<\/div>\n\t\t\t\t\t<\/div>\n\t\t<\/div>\n\t\t\t\t<div class=\"elementor-column elementor-col-50 elementor-top-column elementor-element elementor-element-1d0dbf1\" data-id=\"1d0dbf1\" data-element_type=\"column\" data-e-type=\"column\">\n\t\t\t<div class=\"elementor-widget-wrap elementor-element-populated\">\n\t\t\t\t\t\t<div class=\"elementor-element elementor-element-df61847 elementor-widget elementor-widget-image\" data-id=\"df61847\" data-element_type=\"widget\" data-e-type=\"widget\" data-widget_type=\"image.default\">\n\t\t\t\t<div class=\"elementor-widget-container\">\n\t\t\t\t\t\t\t\t\t\t\t\t\t\t\t<img loading=\"lazy\" decoding=\"async\" width=\"756\" height=\"1008\" src=\"https:\/\/sitzmodule.de\/wp-content\/uploads\/2021\/10\/DSC_1110-01-768x1024.jpg\" class=\"attachment-large size-large wp-image-277\" alt=\"\" srcset=\"https:\/\/sitzmodule.de\/wp-content\/uploads\/2021\/10\/DSC_1110-01-768x1024.jpg 768w, https:\/\/sitzmodule.de\/wp-content\/uploads\/2021\/10\/DSC_1110-01-225x300.jpg 225w, https:\/\/sitzmodule.de\/wp-content\/uploads\/2021\/10\/DSC_1110-01-1152x1536.jpg 1152w, https:\/\/sitzmodule.de\/wp-content\/uploads\/2021\/10\/DSC_1110-01-1536x2048.jpg 1536w, https:\/\/sitzmodule.de\/wp-content\/uploads\/2021\/10\/DSC_1110-01-scaled.jpg 1920w\" sizes=\"(max-width: 756px) 100vw, 756px\" \/>\t\t\t\t\t\t\t\t\t\t\t\t\t\t\t<\/div>\n\t\t\t\t<\/div>\n\t\t\t\t\t<\/div>\n\t\t<\/div>\n\t\t\t\t\t<\/div>\n\t\t<\/section>\n\t\t\t\t<\/div>\n\t\t","protected":false},"excerpt":{"rendered":"<p>Diese Sitzformation schafft in konzentrierter Form einen Fixpunkt im Raum. Es ist ein Meeting Point, hier im historischen Kontext. Es entstand ein individueller Entwurf f\u00fcr einen Altbau mit einer kleinr\u00e4umlichen Situation. Die Sitzmodule wurden als punktuelle Erg\u00e4nzungen im Flurbereich geplant. Die Entw\u00fcrfe zeigen anhand von 3 unterschiedlichen Modellen die Variabilit\u00e4t der Formen.\u00a0 Verteilt auf 3 Etagen lassen sich die Sitzmodule auch thematisch zuordnen<\/p>\n","protected":false},"author":1,"featured_media":0,"parent":0,"menu_order":0,"comment_status":"closed","ping_status":"closed","template":"","meta":{"footnotes":""},"class_list":["post-321","page","type-page","status-publish","hentry"],"_links":{"self":[{"href":"https:\/\/sitzmodule.de\/index.php?rest_route=\/wp\/v2\/pages\/321","targetHints":{"allow":["GET"]}}],"collection":[{"href":"https:\/\/sitzmodule.de\/index.php?rest_route=\/wp\/v2\/pages"}],"about":[{"href":"https:\/\/sitzmodule.de\/index.php?rest_route=\/wp\/v2\/types\/page"}],"author":[{"embeddable":true,"href":"https:\/\/sitzmodule.de\/index.php?rest_route=\/wp\/v2\/users\/1"}],"replies":[{"embeddable":true,"href":"https:\/\/sitzmodule.de\/index.php?rest_route=%2Fwp%2Fv2%2Fcomments&post=321"}],"version-history":[{"count":42,"href":"https:\/\/sitzmodule.de\/index.php?rest_route=\/wp\/v2\/pages\/321\/revisions"}],"predecessor-version":[{"id":1211,"href":"https:\/\/sitzmodule.de\/index.php?rest_route=\/wp\/v2\/pages\/321\/revisions\/1211"}],"wp:attachment":[{"href":"https:\/\/sitzmodule.de\/index.php?rest_route=%2Fwp%2Fv2%2Fmedia&parent=321"}],"curies":[{"name":"wp","href":"https:\/\/api.w.org\/{rel}","templated":true}]}}