{"id":945,"date":"2021-11-02T15:54:59","date_gmt":"2021-11-02T15:54:59","guid":{"rendered":"http:\/\/sitzmodule.de\/?page_id=945"},"modified":"2021-11-12T14:51:56","modified_gmt":"2021-11-12T14:51:56","slug":"infos","status":"publish","type":"page","link":"https:\/\/sitzmodule.de\/?page_id=945","title":{"rendered":"Info"},"content":{"rendered":"\t\t<div data-elementor-type=\"wp-page\" data-elementor-id=\"945\" class=\"elementor elementor-945\">\n\t\t\t\t\t\t<section class=\"elementor-section elementor-top-section elementor-element elementor-element-10df81f elementor-section-boxed elementor-section-height-default elementor-section-height-default\" data-id=\"10df81f\" data-element_type=\"section\" data-e-type=\"section\">\n\t\t\t\t\t\t<div class=\"elementor-container elementor-column-gap-default\">\n\t\t\t\t\t<div class=\"elementor-column elementor-col-100 elementor-top-column elementor-element elementor-element-691e124\" data-id=\"691e124\" data-element_type=\"column\" data-e-type=\"column\">\n\t\t\t<div class=\"elementor-widget-wrap elementor-element-populated\">\n\t\t\t\t\t\t<div class=\"elementor-element elementor-element-fcc448e elementor-widget elementor-widget-text-editor\" data-id=\"fcc448e\" data-element_type=\"widget\" data-e-type=\"widget\" data-widget_type=\"text-editor.default\">\n\t\t\t\t<div class=\"elementor-widget-container\">\n\t\t\t\t\t\t\t\t\t<p>Wir sind ein Team aus einem K\u00fcnstler, einer Architektin und Handwerkern, welche sich punktuell f\u00fcr ausgew\u00e4hlte Projekte zusammenfinden. Unser Schwerpunkt liegt in der Planung und Realisierung von k\u00fcnstlerischen Projekten im schulischen Kontext. Ebenso geeignet sind alle anderen hoch frequentierten Aufenthalts- und Eingangsbereiche des \u00f6ffentlichen Raumes.<\/p><p>Besonders wichtig sind uns die Nachhaltigkeit und Langlebigkeit der Sitzmodule, sowie eine regional gut vernetzte Produktionsstruktur. Die massive Bauweise und das verwendete Material erm\u00f6glichen es uns auch, die Sitzgruppen in schwer entflammbarer Ausf\u00fchrung (B1) f\u00fcr Bereiche mit h\u00f6herer Brandschutzanforderung einzusetzen. <span style=\"color: #ffffff;\">Jan Grossmann<\/span><\/p><p>In enger Abstimmung mit unseren Auftraggebern entwickeln wir ein individuelles Konzept, welches den jeweiligen r\u00e4umlichen Gegebenheiten gerecht wird. Durch das modulare System ist es m\u00f6glich in additiven Baugruppen komplexe Formationen zu erstellen und im Raum Zonierungen mit unterschiedlichen Nutzungsebenen zu schaffen.\u00a0\u00a0 \u00a0 \u00a0 \u00a0 \u00a0 \u00a0 \u00a0 \u00a0 \u00a0 \u00a0 \u00a0 \u00a0 \u00a0 \u00a0 \u00a0 \u00a0 \u00a0 \u00a0 \u00a0 \u00a0\u00a0 \u00a0\u00a0\u00a0\u00a0\u00a0\u00a0\u00a0\u00a0\u00a0\u00a0\u00a0\u00a0\u00a0\u00a0\u00a0\u00a0\u00a0\u00a0 <br \/>Durch die Sitzformationen ergeben sich \u201eSitzinseln&#8220; oder auch \u201eKommunikationsinseln\u201c, in teils offener, teils geschlossener Auspr\u00e4gung. Die Sitzmodule werden im Alltag von den Sch\u00fclern sehr gut angenommen. Die unterschiedlichen H\u00f6hen der Sitzobjekte animieren die Sch\u00fcler zu einer individuellen Positionierung und einem spielerischen Umgang im Raum. Die kleinen punktuellen Kreise k\u00f6nnen neben dem Sitzen auch als Tisch oder Ablage benutzt werden.<\/p><p>Konzeptionell entstanden die Sitzobjekte aus einem skulpturalen Ansatz. Neben dem k\u00fcnstlerischen Kontext bekommen diese Formationen nun auch einen funktionalen Aspekt.<\/p><p>Die massive Bauweise aus Schichtholzplatten hat neben der hohen Belastbarkeit auch einen besonderen \u00e4sthetischen Reiz. Die Beschichtung der Sitzfl\u00e4chen erfolgt mit Fu\u00dfbodenlinoleum. Die Sitzm\u00f6bel sind besonders f\u00fcr gro\u00dfr\u00e4umige Foyers geeignet. Der warme Holzton und die Haptik des Materials, das schl\u00fcssige Design mit seinen runden Formen vermitteln eine ansprechende, positive Grundstimmung.<\/p>\t\t\t\t\t\t\t\t<\/div>\n\t\t\t\t<\/div>\n\t\t\t\t\t<\/div>\n\t\t<\/div>\n\t\t\t\t\t<\/div>\n\t\t<\/section>\n\t\t\t\t<section class=\"elementor-section elementor-top-section elementor-element elementor-element-e14c962 elementor-section-boxed elementor-section-height-default elementor-section-height-default\" data-id=\"e14c962\" data-element_type=\"section\" data-e-type=\"section\">\n\t\t\t\t\t\t<div class=\"elementor-container elementor-column-gap-default\">\n\t\t\t\t\t<div class=\"elementor-column elementor-col-100 elementor-top-column elementor-element elementor-element-d879e51\" data-id=\"d879e51\" data-element_type=\"column\" data-e-type=\"column\">\n\t\t\t<div class=\"elementor-widget-wrap elementor-element-populated\">\n\t\t\t\t\t\t<div class=\"elementor-element elementor-element-e269889 elementor-align-center elementor-widget elementor-widget-button\" data-id=\"e269889\" data-element_type=\"widget\" data-e-type=\"widget\" data-widget_type=\"button.default\">\n\t\t\t\t<div class=\"elementor-widget-container\">\n\t\t\t\t\t\t\t\t\t<div class=\"elementor-button-wrapper\">\n\t\t\t\t\t<a class=\"elementor-button elementor-button-link elementor-size-xs\" href=\"http:\/\/sitzmodule.de\/\">\n\t\t\t\t\t\t<span class=\"elementor-button-content-wrapper\">\n\t\t\t\t\t\t\t\t\t<span class=\"elementor-button-text\">Zur\u00fcck<\/span>\n\t\t\t\t\t<\/span>\n\t\t\t\t\t<\/a>\n\t\t\t\t<\/div>\n\t\t\t\t\t\t\t\t<\/div>\n\t\t\t\t<\/div>\n\t\t\t\t\t<\/div>\n\t\t<\/div>\n\t\t\t\t\t<\/div>\n\t\t<\/section>\n\t\t\t\t<\/div>\n\t\t","protected":false},"excerpt":{"rendered":"<p>Wir sind ein Team aus einem K\u00fcnstler, einer Architektin und Handwerkern, welche sich punktuell f\u00fcr ausgew\u00e4hlte Projekte zusammenfinden. Unser Schwerpunkt liegt in der Planung und Realisierung von k\u00fcnstlerischen Projekten im schulischen Kontext. Ebenso geeignet sind alle anderen hoch frequentierten Aufenthalts- und Eingangsbereiche des \u00f6ffentlichen Raumes. Besonders wichtig sind uns die Nachhaltigkeit und Langlebigkeit der Sitzmodule, sowie eine regional gut vernetzte Produktionsstruktur. Die massive Bauweise und das verwendete Material erm\u00f6glichen es uns auch, die Sitzgruppen in schwer entflammbarer Ausf\u00fchrung (B1) f\u00fcr Bereiche mit h\u00f6herer Brandschutzanforderung einzusetzen. Jan Grossmann In enger Abstimmung mit unseren Auftraggebern entwickeln wir ein individuelles Konzept, welches den jeweiligen r\u00e4umlichen Gegebenheiten gerecht wird. Durch das modulare System ist es m\u00f6glich in additiven Baugruppen komplexe Formationen zu erstellen und im Raum Zonierungen mit unterschiedlichen Nutzungsebenen zu schaffen.\u00a0\u00a0 \u00a0 \u00a0 \u00a0 \u00a0 \u00a0 \u00a0 \u00a0 \u00a0 \u00a0 \u00a0 \u00a0 \u00a0 \u00a0 \u00a0 \u00a0 \u00a0 \u00a0 \u00a0 \u00a0\u00a0 \u00a0\u00a0\u00a0\u00a0\u00a0\u00a0\u00a0\u00a0\u00a0\u00a0\u00a0\u00a0\u00a0\u00a0\u00a0\u00a0\u00a0\u00a0 Durch die Sitzformationen ergeben sich \u201eSitzinseln&#8220; oder auch \u201eKommunikationsinseln\u201c, in teils offener, teils geschlossener Auspr\u00e4gung. Die Sitzmodule werden im Alltag von den Sch\u00fclern sehr gut angenommen. Die unterschiedlichen H\u00f6hen der Sitzobjekte animieren die Sch\u00fcler zu einer individuellen Positionierung und einem spielerischen Umgang im Raum. Die kleinen punktuellen Kreise k\u00f6nnen neben dem Sitzen &hellip; <a href=\"https:\/\/sitzmodule.de\/?page_id=945\" class=\"more-link\"><span>Continue reading<span class=\"screen-reader-text\">Info<\/span><\/span><\/a><\/p>\n","protected":false},"author":1,"featured_media":0,"parent":0,"menu_order":0,"comment_status":"closed","ping_status":"closed","template":"","meta":{"footnotes":""},"class_list":["post-945","page","type-page","status-publish","hentry"],"_links":{"self":[{"href":"https:\/\/sitzmodule.de\/index.php?rest_route=\/wp\/v2\/pages\/945","targetHints":{"allow":["GET"]}}],"collection":[{"href":"https:\/\/sitzmodule.de\/index.php?rest_route=\/wp\/v2\/pages"}],"about":[{"href":"https:\/\/sitzmodule.de\/index.php?rest_route=\/wp\/v2\/types\/page"}],"author":[{"embeddable":true,"href":"https:\/\/sitzmodule.de\/index.php?rest_route=\/wp\/v2\/users\/1"}],"replies":[{"embeddable":true,"href":"https:\/\/sitzmodule.de\/index.php?rest_route=%2Fwp%2Fv2%2Fcomments&post=945"}],"version-history":[{"count":19,"href":"https:\/\/sitzmodule.de\/index.php?rest_route=\/wp\/v2\/pages\/945\/revisions"}],"predecessor-version":[{"id":1346,"href":"https:\/\/sitzmodule.de\/index.php?rest_route=\/wp\/v2\/pages\/945\/revisions\/1346"}],"wp:attachment":[{"href":"https:\/\/sitzmodule.de\/index.php?rest_route=%2Fwp%2Fv2%2Fmedia&parent=945"}],"curies":[{"name":"wp","href":"https:\/\/api.w.org\/{rel}","templated":true}]}}